{"id":103,"date":"2015-06-16T14:08:52","date_gmt":"2015-06-16T14:08:52","guid":{"rendered":"https:\/\/doitservices.com.br\/site\/?page_id=103"},"modified":"2015-09-29T23:41:41","modified_gmt":"2015-09-29T23:41:41","slug":"valores-2","status":"publish","type":"page","link":"https:\/\/doitservices.com.br\/site\/valores-2\/","title":{"rendered":"Valores"},"content":{"rendered":"<ul>\n<li>\u00c9tica;<\/li>\n<li>Transpar\u00eancia;<\/li>\n<li>Compet\u00eancia;<\/li>\n<li>Respeito ao Capital Humano e ao Meio Ambiente;<\/li>\n<li>Foco na Sustentabilidade e Resultados.<\/li>\n<\/ul>\n","protected":false},"excerpt":{"rendered":"<p>\u00c9tica; Transpar\u00eancia; Compet\u00eancia; Respeito ao Capital Humano e ao Meio Ambiente; Foco na Sustentabilidade e Resultados.<\/p>\n","protected":false},"author":1,"featured_media":14,"parent":0,"menu_order":0,"comment_status":"closed","ping_status":"closed","template":"","meta":{"footnotes":""},"class_list":["post-103","page","type-page","status-publish","has-post-thumbnail","hentry"],"yoast_head":"<!-- This site is optimized with the Yoast SEO plugin v27.6 - https:\/\/yoast.com\/product\/yoast-seo-wordpress\/ -->\n<title>Valores - Do it! Services<\/title>\n<meta name=\"description\" content=\"Entre os valores da Do it! Services, destacam-se a \u00c9tica, Transpar\u00eancia, Compet\u00eancia, Respeito e Sustentabilidade.\" \/>\n<meta name=\"robots\" content=\"index, follow, max-snippet:-1, max-image-preview:large, max-video-preview:-1\" \/>\n<link rel=\"canonical\" href=\"https:\/\/doitservices.com.br\/site\/valores-2\/\" \/>\n<meta property=\"og:locale\" content=\"pt_BR\" \/>\n<meta property=\"og:type\" content=\"article\" \/>\n<meta property=\"og:title\" content=\"Valores - Do it! Services\" \/>\n<meta property=\"og:description\" content=\"Entre os valores da Do it! Services, destacam-se a \u00c9tica, Transpar\u00eancia, Compet\u00eancia, Respeito e Sustentabilidade.\" \/>\n<meta property=\"og:url\" content=\"https:\/\/doitservices.com.br\/site\/valores-2\/\" \/>\n<meta property=\"og:site_name\" content=\"Do it! Services\" \/>\n<meta property=\"article:modified_time\" content=\"2015-09-29T23:41:41+00:00\" \/>\n<meta property=\"og:image\" content=\"https:\/\/doitservices.com.br\/site\/wp-content\/uploads\/2015\/06\/shutterstock_108327083.jpg\" \/>\n\t<meta property=\"og:image:width\" content=\"1000\" \/>\n\t<meta property=\"og:image:height\" content=\"745\" \/>\n\t<meta property=\"og:image:type\" content=\"image\/jpeg\" \/>\n<script type=\"application\/ld+json\" class=\"yoast-schema-graph\">{\"@context\":\"https:\\\/\\\/schema.org\",\"@graph\":[{\"@type\":\"WebPage\",\"@id\":\"http:\\\/\\\/doitservices.com.br\\\/site\\\/valores-2\\\/\",\"url\":\"http:\\\/\\\/doitservices.com.br\\\/site\\\/valores-2\\\/\",\"name\":\"Valores - Do it! Services\",\"isPartOf\":{\"@id\":\"http:\\\/\\\/doitservices.com.br\\\/site\\\/#website\"},\"primaryImageOfPage\":{\"@id\":\"http:\\\/\\\/doitservices.com.br\\\/site\\\/valores-2\\\/#primaryimage\"},\"image\":{\"@id\":\"http:\\\/\\\/doitservices.com.br\\\/site\\\/valores-2\\\/#primaryimage\"},\"thumbnailUrl\":\"https:\\\/\\\/doitservices.com.br\\\/site\\\/wp-content\\\/uploads\\\/2015\\\/06\\\/shutterstock_108327083.jpg\",\"datePublished\":\"2015-06-16T14:08:52+00:00\",\"dateModified\":\"2015-09-29T23:41:41+00:00\",\"description\":\"Entre os valores da Do it! Services, destacam-se a \u00c9tica, Transpar\u00eancia, Compet\u00eancia, Respeito e Sustentabilidade.\",\"breadcrumb\":{\"@id\":\"http:\\\/\\\/doitservices.com.br\\\/site\\\/valores-2\\\/#breadcrumb\"},\"inLanguage\":\"pt-BR\",\"potentialAction\":[{\"@type\":\"ReadAction\",\"target\":[\"http:\\\/\\\/doitservices.com.br\\\/site\\\/valores-2\\\/\"]}]},{\"@type\":\"ImageObject\",\"inLanguage\":\"pt-BR\",\"@id\":\"http:\\\/\\\/doitservices.com.br\\\/site\\\/valores-2\\\/#primaryimage\",\"url\":\"https:\\\/\\\/doitservices.com.br\\\/site\\\/wp-content\\\/uploads\\\/2015\\\/06\\\/shutterstock_108327083.jpg\",\"contentUrl\":\"https:\\\/\\\/doitservices.com.br\\\/site\\\/wp-content\\\/uploads\\\/2015\\\/06\\\/shutterstock_108327083.jpg\",\"width\":1000,\"height\":745},{\"@type\":\"BreadcrumbList\",\"@id\":\"http:\\\/\\\/doitservices.com.br\\\/site\\\/valores-2\\\/#breadcrumb\",\"itemListElement\":[{\"@type\":\"ListItem\",\"position\":1,\"name\":\"In\u00edcio\",\"item\":\"http:\\\/\\\/doitservices.com.br\\\/site\\\/\"},{\"@type\":\"ListItem\",\"position\":2,\"name\":\"Valores\"}]},{\"@type\":\"WebSite\",\"@id\":\"http:\\\/\\\/doitservices.com.br\\\/site\\\/#website\",\"url\":\"http:\\\/\\\/doitservices.com.br\\\/site\\\/\",\"name\":\"Do it! Services\",\"description\":\"S\u00edndico Profissional\",\"potentialAction\":[{\"@type\":\"SearchAction\",\"target\":{\"@type\":\"EntryPoint\",\"urlTemplate\":\"http:\\\/\\\/doitservices.com.br\\\/site\\\/?s={search_term_string}\"},\"query-input\":{\"@type\":\"PropertyValueSpecification\",\"valueRequired\":true,\"valueName\":\"search_term_string\"}}],\"inLanguage\":\"pt-BR\"}]}<\/script>\n<!-- \/ Yoast SEO plugin. -->","yoast_head_json":{"title":"Valores - Do it! Services","description":"Entre os valores da Do it! Services, destacam-se a \u00c9tica, Transpar\u00eancia, Compet\u00eancia, Respeito e Sustentabilidade.","robots":{"index":"index","follow":"follow","max-snippet":"max-snippet:-1","max-image-preview":"max-image-preview:large","max-video-preview":"max-video-preview:-1"},"canonical":"https:\/\/doitservices.com.br\/site\/valores-2\/","og_locale":"pt_BR","og_type":"article","og_title":"Valores - Do it! Services","og_description":"Entre os valores da Do it! Services, destacam-se a \u00c9tica, Transpar\u00eancia, Compet\u00eancia, Respeito e Sustentabilidade.","og_url":"https:\/\/doitservices.com.br\/site\/valores-2\/","og_site_name":"Do it! Services","article_modified_time":"2015-09-29T23:41:41+00:00","og_image":[{"width":1000,"height":745,"url":"https:\/\/doitservices.com.br\/site\/wp-content\/uploads\/2015\/06\/shutterstock_108327083.jpg","type":"image\/jpeg"}],"schema":{"@context":"https:\/\/schema.org","@graph":[{"@type":"WebPage","@id":"https:\/\/doitservices.com.br\/site\/valores-2\/","url":"https:\/\/doitservices.com.br\/site\/valores-2\/","name":"Valores - Do it! Services","isPartOf":{"@id":"https:\/\/doitservices.com.br\/site\/#website"},"primaryImageOfPage":{"@id":"https:\/\/doitservices.com.br\/site\/valores-2\/#primaryimage"},"image":{"@id":"https:\/\/doitservices.com.br\/site\/valores-2\/#primaryimage"},"thumbnailUrl":"https:\/\/doitservices.com.br\/site\/wp-content\/uploads\/2015\/06\/shutterstock_108327083.jpg","datePublished":"2015-06-16T14:08:52+00:00","dateModified":"2015-09-29T23:41:41+00:00","description":"Entre os valores da Do it! Services, destacam-se a \u00c9tica, Transpar\u00eancia, Compet\u00eancia, Respeito e Sustentabilidade.","breadcrumb":{"@id":"https:\/\/doitservices.com.br\/site\/valores-2\/#breadcrumb"},"inLanguage":"pt-BR","potentialAction":[{"@type":"ReadAction","target":["https:\/\/doitservices.com.br\/site\/valores-2\/"]}]},{"@type":"ImageObject","inLanguage":"pt-BR","@id":"https:\/\/doitservices.com.br\/site\/valores-2\/#primaryimage","url":"https:\/\/doitservices.com.br\/site\/wp-content\/uploads\/2015\/06\/shutterstock_108327083.jpg","contentUrl":"https:\/\/doitservices.com.br\/site\/wp-content\/uploads\/2015\/06\/shutterstock_108327083.jpg","width":1000,"height":745},{"@type":"BreadcrumbList","@id":"https:\/\/doitservices.com.br\/site\/valores-2\/#breadcrumb","itemListElement":[{"@type":"ListItem","position":1,"name":"In\u00edcio","item":"https:\/\/doitservices.com.br\/site\/"},{"@type":"ListItem","position":2,"name":"Valores"}]},{"@type":"WebSite","@id":"https:\/\/doitservices.com.br\/site\/#website","url":"https:\/\/doitservices.com.br\/site\/","name":"Do it! Services","description":"S\u00edndico Profissional","potentialAction":[{"@type":"SearchAction","target":{"@type":"EntryPoint","urlTemplate":"https:\/\/doitservices.com.br\/site\/?s={search_term_string}"},"query-input":{"@type":"PropertyValueSpecification","valueRequired":true,"valueName":"search_term_string"}}],"inLanguage":"pt-BR"}]}},"_links":{"self":[{"href":"https:\/\/doitservices.com.br\/site\/wp-json\/wp\/v2\/pages\/103","targetHints":{"allow":["GET"]}}],"collection":[{"href":"https:\/\/doitservices.com.br\/site\/wp-json\/wp\/v2\/pages"}],"about":[{"href":"https:\/\/doitservices.com.br\/site\/wp-json\/wp\/v2\/types\/page"}],"author":[{"embeddable":true,"href":"https:\/\/doitservices.com.br\/site\/wp-json\/wp\/v2\/users\/1"}],"replies":[{"embeddable":true,"href":"https:\/\/doitservices.com.br\/site\/wp-json\/wp\/v2\/comments?post=103"}],"version-history":[{"count":0,"href":"https:\/\/doitservices.com.br\/site\/wp-json\/wp\/v2\/pages\/103\/revisions"}],"wp:featuredmedia":[{"embeddable":true,"href":"https:\/\/doitservices.com.br\/site\/wp-json\/wp\/v2\/media\/14"}],"wp:attachment":[{"href":"https:\/\/doitservices.com.br\/site\/wp-json\/wp\/v2\/media?parent=103"}],"curies":[{"name":"wp","href":"https:\/\/api.w.org\/{rel}","templated":true}]}}