{"id":113,"date":"2015-06-16T14:54:40","date_gmt":"2015-06-16T14:54:40","guid":{"rendered":"https:\/\/doitservices.com.br\/site\/?page_id=113"},"modified":"2024-03-07T00:07:59","modified_gmt":"2024-03-07T00:07:59","slug":"links-uteis","status":"publish","type":"page","link":"https:\/\/doitservices.com.br\/site\/links-uteis\/","title":{"rendered":"Links \u00dateis"},"content":{"rendered":"<p>Aqui voc\u00ea vai conferir alguns\u00a0links \u00fateis com a legisla\u00e7\u00e3o vigente, que regulamenta o funcionamento\u00a0dos condom\u00ednios.<\/p>\n<h2>\nLEIS FEDERAIS<\/h2>\n<p><strong>C\u00f3digo Civil &#8211; Lei 10.406<br \/>\n<\/strong><\/p>\n<p>Artigos 1331 a 1356 &#8211; Esclarecem o que \u00e9 propriedade particular e propriedade comum.<\/p>\n<p>Artigo 1348 &#8211; Compet\u00eancias do s\u00edndico.<\/p>\n<p>Link: <a href=\"http:\/\/www.planalto.gov.br\/ccivil_03\/leis\/2002\/l10406.htm\" target=\"_blank\" rel=\"noopener\">http:\/\/www.planalto.gov.br\/ccivil_03\/leis\/2002\/l10406.htm<\/a><\/p>\n<p><strong>Lei do Condom\u00ednio &#8211; Lei n\u00ba 4.591<\/strong><\/p>\n<p>Link: <a href=\"http:\/\/www.planalto.gov.br\/ccivil_03\/leis\/L4591.htm\">http:\/\/www.planalto.gov.br\/ccivil_03\/leis\/L4591.htm<\/a><\/p>\n<p><strong>ABNT<\/strong><\/p>\n<p>Norma das reformas de edifica\u00e7\u00f5es.<\/p>\n<p>Link: <a href=\"http:\/\/www.caubr.gov.br\/?p=21715\" target=\"_blank\" rel=\"noopener\">http:\/\/www.caubr.gov.br\/?p=21715<\/a><\/p>\n<h2>LEIS ESPEC\u00cdFICAS PARA S\u00c3O PAULO<\/h2>\n<p><strong>Lei da Conserva\u00e7\u00e3o das Fachadas &#8211; Lei n\u00ba 10.518<\/strong><\/p>\n<p><a href=\"http:\/\/www.leispaulistanas.com.br\/sites\/default\/files\/LimpezaDeFachadas\/LEI%2010518.PDF\" target=\"_blank\" rel=\"noopener\">http:\/\/www.leispaulistanas.com.br\/sites\/default\/files\/LimpezaDeFachadas\/LEI%2010518.PDF<\/a><\/p>\n<h2><\/h2>\n","protected":false},"excerpt":{"rendered":"<p>Aqui voc\u00ea vai conferir alguns\u00a0links \u00fateis com a legisla\u00e7\u00e3o vigente, que regulamenta o funcionamento\u00a0dos condom\u00ednios. LEIS FEDERAIS C\u00f3digo Civil &#8211; Lei 10.406 Artigos 1331 a 1356 &#8211; Esclarecem o que \u00e9 propriedade particular e propriedade comum. Artigo 1348 &#8211; Compet\u00eancias<\/p>\n","protected":false},"author":1,"featured_media":0,"parent":0,"menu_order":0,"comment_status":"closed","ping_status":"closed","template":"","meta":{"footnotes":""},"class_list":["post-113","page","type-page","status-publish","hentry"],"yoast_head":"<!-- This site is optimized with the Yoast SEO plugin v27.6 - https:\/\/yoast.com\/product\/yoast-seo-wordpress\/ -->\n<title>Links \u00dateis - Do it! Services<\/title>\n<meta name=\"description\" content=\"Aqui voc\u00ea vai conferir alguns links \u00fateis com a legisla\u00e7\u00e3o vigente, que regulamenta o funcionamento dos condom\u00ednios.\" \/>\n<meta name=\"robots\" content=\"index, follow, max-snippet:-1, max-image-preview:large, max-video-preview:-1\" \/>\n<link rel=\"canonical\" href=\"https:\/\/doitservices.com.br\/site\/links-uteis\/\" \/>\n<meta property=\"og:locale\" content=\"pt_BR\" \/>\n<meta property=\"og:type\" content=\"article\" \/>\n<meta property=\"og:title\" content=\"Links \u00dateis - Do it! Services\" \/>\n<meta property=\"og:description\" content=\"Aqui voc\u00ea vai conferir alguns links \u00fateis com a legisla\u00e7\u00e3o vigente, que regulamenta o funcionamento dos condom\u00ednios.\" \/>\n<meta property=\"og:url\" content=\"https:\/\/doitservices.com.br\/site\/links-uteis\/\" \/>\n<meta property=\"og:site_name\" content=\"Do it! Services\" \/>\n<meta property=\"article:modified_time\" content=\"2024-03-07T00:07:59+00:00\" \/>\n<meta name=\"twitter:label1\" content=\"Est. tempo de leitura\" \/>\n\t<meta name=\"twitter:data1\" content=\"1 minuto\" \/>\n<script type=\"application\/ld+json\" class=\"yoast-schema-graph\">{\"@context\":\"https:\\\/\\\/schema.org\",\"@graph\":[{\"@type\":\"WebPage\",\"@id\":\"http:\\\/\\\/doitservices.com.br\\\/site\\\/links-uteis\\\/\",\"url\":\"http:\\\/\\\/doitservices.com.br\\\/site\\\/links-uteis\\\/\",\"name\":\"Links \u00dateis - Do it! Services\",\"isPartOf\":{\"@id\":\"http:\\\/\\\/doitservices.com.br\\\/site\\\/#website\"},\"datePublished\":\"2015-06-16T14:54:40+00:00\",\"dateModified\":\"2024-03-07T00:07:59+00:00\",\"description\":\"Aqui voc\u00ea vai conferir alguns links \u00fateis com a legisla\u00e7\u00e3o vigente, que regulamenta o funcionamento dos condom\u00ednios.\",\"breadcrumb\":{\"@id\":\"http:\\\/\\\/doitservices.com.br\\\/site\\\/links-uteis\\\/#breadcrumb\"},\"inLanguage\":\"pt-BR\",\"potentialAction\":[{\"@type\":\"ReadAction\",\"target\":[\"http:\\\/\\\/doitservices.com.br\\\/site\\\/links-uteis\\\/\"]}]},{\"@type\":\"BreadcrumbList\",\"@id\":\"http:\\\/\\\/doitservices.com.br\\\/site\\\/links-uteis\\\/#breadcrumb\",\"itemListElement\":[{\"@type\":\"ListItem\",\"position\":1,\"name\":\"In\u00edcio\",\"item\":\"http:\\\/\\\/doitservices.com.br\\\/site\\\/\"},{\"@type\":\"ListItem\",\"position\":2,\"name\":\"Links \u00dateis\"}]},{\"@type\":\"WebSite\",\"@id\":\"http:\\\/\\\/doitservices.com.br\\\/site\\\/#website\",\"url\":\"http:\\\/\\\/doitservices.com.br\\\/site\\\/\",\"name\":\"Do it! Services\",\"description\":\"S\u00edndico Profissional\",\"potentialAction\":[{\"@type\":\"SearchAction\",\"target\":{\"@type\":\"EntryPoint\",\"urlTemplate\":\"http:\\\/\\\/doitservices.com.br\\\/site\\\/?s={search_term_string}\"},\"query-input\":{\"@type\":\"PropertyValueSpecification\",\"valueRequired\":true,\"valueName\":\"search_term_string\"}}],\"inLanguage\":\"pt-BR\"}]}<\/script>\n<!-- \/ Yoast SEO plugin. -->","yoast_head_json":{"title":"Links \u00dateis - Do it! Services","description":"Aqui voc\u00ea vai conferir alguns links \u00fateis com a legisla\u00e7\u00e3o vigente, que regulamenta o funcionamento dos condom\u00ednios.","robots":{"index":"index","follow":"follow","max-snippet":"max-snippet:-1","max-image-preview":"max-image-preview:large","max-video-preview":"max-video-preview:-1"},"canonical":"https:\/\/doitservices.com.br\/site\/links-uteis\/","og_locale":"pt_BR","og_type":"article","og_title":"Links \u00dateis - Do it! Services","og_description":"Aqui voc\u00ea vai conferir alguns links \u00fateis com a legisla\u00e7\u00e3o vigente, que regulamenta o funcionamento dos condom\u00ednios.","og_url":"https:\/\/doitservices.com.br\/site\/links-uteis\/","og_site_name":"Do it! Services","article_modified_time":"2024-03-07T00:07:59+00:00","twitter_misc":{"Est. tempo de leitura":"1 minuto"},"schema":{"@context":"https:\/\/schema.org","@graph":[{"@type":"WebPage","@id":"https:\/\/doitservices.com.br\/site\/links-uteis\/","url":"https:\/\/doitservices.com.br\/site\/links-uteis\/","name":"Links \u00dateis - Do it! Services","isPartOf":{"@id":"https:\/\/doitservices.com.br\/site\/#website"},"datePublished":"2015-06-16T14:54:40+00:00","dateModified":"2024-03-07T00:07:59+00:00","description":"Aqui voc\u00ea vai conferir alguns links \u00fateis com a legisla\u00e7\u00e3o vigente, que regulamenta o funcionamento dos condom\u00ednios.","breadcrumb":{"@id":"https:\/\/doitservices.com.br\/site\/links-uteis\/#breadcrumb"},"inLanguage":"pt-BR","potentialAction":[{"@type":"ReadAction","target":["https:\/\/doitservices.com.br\/site\/links-uteis\/"]}]},{"@type":"BreadcrumbList","@id":"https:\/\/doitservices.com.br\/site\/links-uteis\/#breadcrumb","itemListElement":[{"@type":"ListItem","position":1,"name":"In\u00edcio","item":"https:\/\/doitservices.com.br\/site\/"},{"@type":"ListItem","position":2,"name":"Links \u00dateis"}]},{"@type":"WebSite","@id":"https:\/\/doitservices.com.br\/site\/#website","url":"https:\/\/doitservices.com.br\/site\/","name":"Do it! Services","description":"S\u00edndico Profissional","potentialAction":[{"@type":"SearchAction","target":{"@type":"EntryPoint","urlTemplate":"https:\/\/doitservices.com.br\/site\/?s={search_term_string}"},"query-input":{"@type":"PropertyValueSpecification","valueRequired":true,"valueName":"search_term_string"}}],"inLanguage":"pt-BR"}]}},"_links":{"self":[{"href":"https:\/\/doitservices.com.br\/site\/wp-json\/wp\/v2\/pages\/113","targetHints":{"allow":["GET"]}}],"collection":[{"href":"https:\/\/doitservices.com.br\/site\/wp-json\/wp\/v2\/pages"}],"about":[{"href":"https:\/\/doitservices.com.br\/site\/wp-json\/wp\/v2\/types\/page"}],"author":[{"embeddable":true,"href":"https:\/\/doitservices.com.br\/site\/wp-json\/wp\/v2\/users\/1"}],"replies":[{"embeddable":true,"href":"https:\/\/doitservices.com.br\/site\/wp-json\/wp\/v2\/comments?post=113"}],"version-history":[{"count":1,"href":"https:\/\/doitservices.com.br\/site\/wp-json\/wp\/v2\/pages\/113\/revisions"}],"predecessor-version":[{"id":375,"href":"https:\/\/doitservices.com.br\/site\/wp-json\/wp\/v2\/pages\/113\/revisions\/375"}],"wp:attachment":[{"href":"https:\/\/doitservices.com.br\/site\/wp-json\/wp\/v2\/media?parent=113"}],"curies":[{"name":"wp","href":"https:\/\/api.w.org\/{rel}","templated":true}]}}