{"id":27,"date":"2015-06-14T03:05:48","date_gmt":"2015-06-14T03:05:48","guid":{"rendered":"https:\/\/doitservices.com.br\/site\/?page_id=27"},"modified":"2018-04-03T20:36:30","modified_gmt":"2018-04-03T20:36:30","slug":"servicos-para-condominios","status":"publish","type":"page","link":"https:\/\/doitservices.com.br\/site\/servicos-para-condominios\/","title":{"rendered":"Servi\u00e7os para Condom\u00ednios"},"content":{"rendered":"<p>A equipe da Do It! Services oferece diversos servi\u00e7os para condom\u00ednios:<\/p>\n<h2>DO IT! S\u00cdNDICO PROFISSIONAL<\/h2>\n<ul>\n<li>Servi\u00e7os de S\u00edndico Profissional em Condom\u00ednios Residenciais, Comerciais, Log\u00edsticos e Industriais.<\/li>\n<\/ul>\n<h2>DO IT! IMPLANTA\u00c7\u00c3O E INSTALA\u00c7\u00c3O DE NOVOS CONDOM\u00cdNIOS<\/h2>\n<ul>\n<li>Elabora\u00e7\u00e3o do Edital de Convoca\u00e7\u00e3o dos Propriet\u00e1rios para Constitui\u00e7\u00e3o do Condom\u00ednio, Elabora\u00e7\u00e3o do Primeiro Or\u00e7amento do Condom\u00ednio, Modelo e Valor de Arrecada\u00e7\u00e3o Condominial e Fundo de Reserva, Retirada de CNPJ para o Condom\u00ednio, Elabora\u00e7\u00e3o da Conven\u00e7\u00e3o Condominial e Regulamento Interno.<\/li>\n<\/ul>\n<h2>DO IT! ORGANIZA\u00c7\u00c3O DA DOCUMENTA\u00c7\u00c3O CONDOMINIAL<\/h2>\n<ul>\n<li>Cataloga\u00e7\u00e3o e organiza\u00e7\u00e3o de toda a documenta\u00e7\u00e3o condominial para cumprimento de prazo legal.<\/li>\n<\/ul>\n<h2>DO IT! GEST\u00c3O FINANCEIRA E ADMINISTRATIVA<\/h2>\n<ul>\n<li>An\u00e1lise do Fluxo de Caixa, Custos e Despesas.<\/li>\n<li>Elabora\u00e7\u00e3o do Or\u00e7amento Anual.<\/li>\n<li>Cria\u00e7\u00e3o de Relat\u00f3rios Financeiros.<\/li>\n<li>Ajustes e Adequa\u00e7\u00e3o de Regulamento Interno.<\/li>\n<li>Consultoria para Adequa\u00e7\u00e3o das Ap\u00f3lices de Seguro Condominiais.<\/li>\n<li>Renegocia\u00e7\u00e3o dos Contratos: atrav\u00e9s do entendimento, revis\u00e3o e busca de alternativas de melhoria para todos os contratos do condom\u00ednio.<\/li>\n<\/ul>\n<h2>DO IT! SUSTENTABILIDADE<\/h2>\n<p>Habilidade de sustentar um processo, levando em considera\u00e7\u00e3o 3 aspectos:<\/p>\n<ul>\n<li>Ambiental.<\/li>\n<li>Social.<\/li>\n<li>Econ\u00f4mico.<\/li>\n<\/ul>\n<p>&nbsp;<\/p>\n","protected":false},"excerpt":{"rendered":"<p>A equipe da Do It! Services oferece diversos servi\u00e7os para condom\u00ednios: DO IT! S\u00cdNDICO PROFISSIONAL Servi\u00e7os de S\u00edndico Profissional em Condom\u00ednios Residenciais, Comerciais, Log\u00edsticos e Industriais. DO IT! IMPLANTA\u00c7\u00c3O E INSTALA\u00c7\u00c3O DE NOVOS CONDOM\u00cdNIOS Elabora\u00e7\u00e3o do Edital de Convoca\u00e7\u00e3o dos<\/p>\n","protected":false},"author":1,"featured_media":46,"parent":0,"menu_order":0,"comment_status":"closed","ping_status":"closed","template":"","meta":{"footnotes":""},"class_list":["post-27","page","type-page","status-publish","has-post-thumbnail","hentry"],"yoast_head":"<!-- This site is optimized with the Yoast SEO plugin v27.6 - https:\/\/yoast.com\/product\/yoast-seo-wordpress\/ -->\n<title>Servi\u00e7os para Condom\u00ednios - Do it! Services<\/title>\n<meta name=\"description\" content=\"A equipe da Do It! Services oferece diversos servi\u00e7os para condom\u00ednios.\" \/>\n<meta name=\"robots\" content=\"index, follow, max-snippet:-1, max-image-preview:large, max-video-preview:-1\" \/>\n<link rel=\"canonical\" href=\"https:\/\/doitservices.com.br\/site\/servicos-para-condominios\/\" \/>\n<meta property=\"og:locale\" content=\"pt_BR\" \/>\n<meta property=\"og:type\" content=\"article\" \/>\n<meta property=\"og:title\" content=\"Servi\u00e7os para Condom\u00ednios - Do it! Services\" \/>\n<meta property=\"og:description\" content=\"A equipe da Do It! Services oferece diversos servi\u00e7os para condom\u00ednios.\" \/>\n<meta property=\"og:url\" content=\"https:\/\/doitservices.com.br\/site\/servicos-para-condominios\/\" \/>\n<meta property=\"og:site_name\" content=\"Do it! Services\" \/>\n<meta property=\"article:modified_time\" content=\"2018-04-03T20:36:30+00:00\" \/>\n<meta property=\"og:image\" content=\"https:\/\/doitservices.com.br\/site\/wp-content\/uploads\/2015\/06\/banner3.jpg\" \/>\n\t<meta property=\"og:image:width\" content=\"1500\" \/>\n\t<meta property=\"og:image:height\" content=\"600\" \/>\n\t<meta property=\"og:image:type\" content=\"image\/jpeg\" \/>\n<meta name=\"twitter:label1\" content=\"Est. tempo de leitura\" \/>\n\t<meta name=\"twitter:data1\" content=\"1 minuto\" \/>\n<script type=\"application\/ld+json\" class=\"yoast-schema-graph\">{\"@context\":\"https:\\\/\\\/schema.org\",\"@graph\":[{\"@type\":\"WebPage\",\"@id\":\"http:\\\/\\\/doitservices.com.br\\\/site\\\/servicos-para-condominios\\\/\",\"url\":\"http:\\\/\\\/doitservices.com.br\\\/site\\\/servicos-para-condominios\\\/\",\"name\":\"Servi\u00e7os para Condom\u00ednios - Do it! Services\",\"isPartOf\":{\"@id\":\"http:\\\/\\\/doitservices.com.br\\\/site\\\/#website\"},\"primaryImageOfPage\":{\"@id\":\"http:\\\/\\\/doitservices.com.br\\\/site\\\/servicos-para-condominios\\\/#primaryimage\"},\"image\":{\"@id\":\"http:\\\/\\\/doitservices.com.br\\\/site\\\/servicos-para-condominios\\\/#primaryimage\"},\"thumbnailUrl\":\"https:\\\/\\\/doitservices.com.br\\\/site\\\/wp-content\\\/uploads\\\/2015\\\/06\\\/banner3.jpg\",\"datePublished\":\"2015-06-14T03:05:48+00:00\",\"dateModified\":\"2018-04-03T20:36:30+00:00\",\"description\":\"A equipe da Do It! Services oferece diversos servi\u00e7os para condom\u00ednios.\",\"breadcrumb\":{\"@id\":\"http:\\\/\\\/doitservices.com.br\\\/site\\\/servicos-para-condominios\\\/#breadcrumb\"},\"inLanguage\":\"pt-BR\",\"potentialAction\":[{\"@type\":\"ReadAction\",\"target\":[\"http:\\\/\\\/doitservices.com.br\\\/site\\\/servicos-para-condominios\\\/\"]}]},{\"@type\":\"ImageObject\",\"inLanguage\":\"pt-BR\",\"@id\":\"http:\\\/\\\/doitservices.com.br\\\/site\\\/servicos-para-condominios\\\/#primaryimage\",\"url\":\"https:\\\/\\\/doitservices.com.br\\\/site\\\/wp-content\\\/uploads\\\/2015\\\/06\\\/banner3.jpg\",\"contentUrl\":\"https:\\\/\\\/doitservices.com.br\\\/site\\\/wp-content\\\/uploads\\\/2015\\\/06\\\/banner3.jpg\",\"width\":1500,\"height\":600},{\"@type\":\"BreadcrumbList\",\"@id\":\"http:\\\/\\\/doitservices.com.br\\\/site\\\/servicos-para-condominios\\\/#breadcrumb\",\"itemListElement\":[{\"@type\":\"ListItem\",\"position\":1,\"name\":\"In\u00edcio\",\"item\":\"http:\\\/\\\/doitservices.com.br\\\/site\\\/\"},{\"@type\":\"ListItem\",\"position\":2,\"name\":\"Servi\u00e7os para Condom\u00ednios\"}]},{\"@type\":\"WebSite\",\"@id\":\"http:\\\/\\\/doitservices.com.br\\\/site\\\/#website\",\"url\":\"http:\\\/\\\/doitservices.com.br\\\/site\\\/\",\"name\":\"Do it! Services\",\"description\":\"S\u00edndico Profissional\",\"potentialAction\":[{\"@type\":\"SearchAction\",\"target\":{\"@type\":\"EntryPoint\",\"urlTemplate\":\"http:\\\/\\\/doitservices.com.br\\\/site\\\/?s={search_term_string}\"},\"query-input\":{\"@type\":\"PropertyValueSpecification\",\"valueRequired\":true,\"valueName\":\"search_term_string\"}}],\"inLanguage\":\"pt-BR\"}]}<\/script>\n<!-- \/ Yoast SEO plugin. -->","yoast_head_json":{"title":"Servi\u00e7os para Condom\u00ednios - Do it! Services","description":"A equipe da Do It! Services oferece diversos servi\u00e7os para condom\u00ednios.","robots":{"index":"index","follow":"follow","max-snippet":"max-snippet:-1","max-image-preview":"max-image-preview:large","max-video-preview":"max-video-preview:-1"},"canonical":"https:\/\/doitservices.com.br\/site\/servicos-para-condominios\/","og_locale":"pt_BR","og_type":"article","og_title":"Servi\u00e7os para Condom\u00ednios - Do it! Services","og_description":"A equipe da Do It! Services oferece diversos servi\u00e7os para condom\u00ednios.","og_url":"https:\/\/doitservices.com.br\/site\/servicos-para-condominios\/","og_site_name":"Do it! Services","article_modified_time":"2018-04-03T20:36:30+00:00","og_image":[{"width":1500,"height":600,"url":"https:\/\/doitservices.com.br\/site\/wp-content\/uploads\/2015\/06\/banner3.jpg","type":"image\/jpeg"}],"twitter_misc":{"Est. tempo de leitura":"1 minuto"},"schema":{"@context":"https:\/\/schema.org","@graph":[{"@type":"WebPage","@id":"https:\/\/doitservices.com.br\/site\/servicos-para-condominios\/","url":"https:\/\/doitservices.com.br\/site\/servicos-para-condominios\/","name":"Servi\u00e7os para Condom\u00ednios - Do it! Services","isPartOf":{"@id":"https:\/\/doitservices.com.br\/site\/#website"},"primaryImageOfPage":{"@id":"https:\/\/doitservices.com.br\/site\/servicos-para-condominios\/#primaryimage"},"image":{"@id":"https:\/\/doitservices.com.br\/site\/servicos-para-condominios\/#primaryimage"},"thumbnailUrl":"https:\/\/doitservices.com.br\/site\/wp-content\/uploads\/2015\/06\/banner3.jpg","datePublished":"2015-06-14T03:05:48+00:00","dateModified":"2018-04-03T20:36:30+00:00","description":"A equipe da Do It! Services oferece diversos servi\u00e7os para condom\u00ednios.","breadcrumb":{"@id":"https:\/\/doitservices.com.br\/site\/servicos-para-condominios\/#breadcrumb"},"inLanguage":"pt-BR","potentialAction":[{"@type":"ReadAction","target":["https:\/\/doitservices.com.br\/site\/servicos-para-condominios\/"]}]},{"@type":"ImageObject","inLanguage":"pt-BR","@id":"https:\/\/doitservices.com.br\/site\/servicos-para-condominios\/#primaryimage","url":"https:\/\/doitservices.com.br\/site\/wp-content\/uploads\/2015\/06\/banner3.jpg","contentUrl":"https:\/\/doitservices.com.br\/site\/wp-content\/uploads\/2015\/06\/banner3.jpg","width":1500,"height":600},{"@type":"BreadcrumbList","@id":"https:\/\/doitservices.com.br\/site\/servicos-para-condominios\/#breadcrumb","itemListElement":[{"@type":"ListItem","position":1,"name":"In\u00edcio","item":"https:\/\/doitservices.com.br\/site\/"},{"@type":"ListItem","position":2,"name":"Servi\u00e7os para Condom\u00ednios"}]},{"@type":"WebSite","@id":"https:\/\/doitservices.com.br\/site\/#website","url":"https:\/\/doitservices.com.br\/site\/","name":"Do it! Services","description":"S\u00edndico Profissional","potentialAction":[{"@type":"SearchAction","target":{"@type":"EntryPoint","urlTemplate":"https:\/\/doitservices.com.br\/site\/?s={search_term_string}"},"query-input":{"@type":"PropertyValueSpecification","valueRequired":true,"valueName":"search_term_string"}}],"inLanguage":"pt-BR"}]}},"_links":{"self":[{"href":"https:\/\/doitservices.com.br\/site\/wp-json\/wp\/v2\/pages\/27","targetHints":{"allow":["GET"]}}],"collection":[{"href":"https:\/\/doitservices.com.br\/site\/wp-json\/wp\/v2\/pages"}],"about":[{"href":"https:\/\/doitservices.com.br\/site\/wp-json\/wp\/v2\/types\/page"}],"author":[{"embeddable":true,"href":"https:\/\/doitservices.com.br\/site\/wp-json\/wp\/v2\/users\/1"}],"replies":[{"embeddable":true,"href":"https:\/\/doitservices.com.br\/site\/wp-json\/wp\/v2\/comments?post=27"}],"version-history":[{"count":0,"href":"https:\/\/doitservices.com.br\/site\/wp-json\/wp\/v2\/pages\/27\/revisions"}],"wp:featuredmedia":[{"embeddable":true,"href":"https:\/\/doitservices.com.br\/site\/wp-json\/wp\/v2\/media\/46"}],"wp:attachment":[{"href":"https:\/\/doitservices.com.br\/site\/wp-json\/wp\/v2\/media?parent=27"}],"curies":[{"name":"wp","href":"https:\/\/api.w.org\/{rel}","templated":true}]}}